{"id":1742,"date":"2018-03-01T20:28:14","date_gmt":"2018-03-01T19:28:14","guid":{"rendered":"http:\/\/naturpraxis-suter.ch.62-146-154-3.firestorm.ch\/?page_id=1742"},"modified":"2018-03-28T13:12:17","modified_gmt":"2018-03-28T12:12:17","slug":"datenschutz","status":"publish","type":"page","link":"https:\/\/www.naturpraxis-suter.ch\/?page_id=1742","title":{"rendered":"Datenschutz"},"content":{"rendered":"<div class=\"fusion-fullwidth fullwidth-box fusion-builder-row-1 nonhundred-percent-fullwidth non-hundred-percent-height-scrolling\" style=\"--awb-background-position:left top;--awb-border-radius-top-left:0px;--awb-border-radius-top-right:0px;--awb-border-radius-bottom-right:0px;--awb-border-radius-bottom-left:0px;--awb-padding-top:90px;--awb-padding-right:15%;--awb-padding-bottom:90px;--awb-padding-left:15%;--awb-border-sizes-top:0px;--awb-border-sizes-bottom:0px;--awb-flex-wrap:wrap;\" ><div class=\"fusion-builder-row fusion-row\"><div class=\"fusion-layout-column fusion_builder_column fusion-builder-column-0 fusion_builder_column_1_1 1_1 fusion-one-full fusion-column-first fusion-column-last fusion-column-no-min-height\" style=\"--awb-bg-size:cover;\"><div class=\"fusion-column-wrapper fusion-flex-column-wrapper-legacy\"><div class=\"fusion-text fusion-text-1\"><h2 style=\"text-align: center;\">Datenschutz<\/h2>\n<section class=\"main-background\">\n<div class=\"container\">\n<div class=\"sixteen columns alpha omega main-content bottom-neg\">\n<p><strong>Datenschutz<\/strong><\/p>\n<p>Gest\u00fctzt auf Artikel 13 der schweizerischen Bundesverfassung und die datenschutzrechtlichen Bestimmungen des Bundes (Datenschutzgesetz, DSG) hat jede Person Anspruch auf Schutz ihrer Privatsph\u00e4re sowie auf Schutz vor Missbrauch ihrer pers\u00f6nlichen Daten. Wir halten diese Bestimmungen ein. Pers\u00f6nliche Daten werden streng vertraulich behandelt und weder an Dritte verkauft noch weiter gegeben.<br \/>\nIn enger Zusammenarbeit mit unseren Hosting-Providern bem\u00fchen wir uns, die Datenbanken so gut wie m\u00f6glich vor fremden Zugriffen, Verlusten, Missbrauch oder vor F\u00e4lschung zu sch\u00fctzen.<\/p>\n<p><strong>Geltungsbereich<\/strong><br \/>\nDie Datenschutzerkl\u00e4rung gilt f\u00fcr die Webseite naturpraxis-suter.ch.<\/p>\n<p><strong>Urheberrechte<\/strong><br \/>\nDie Urheber- und alle anderen Rechte an Inhalten, Bildern, Fotos oder anderen Dateien auf der Website geh\u00f6ren ausschliesslich der Naturpraxis Suter. F\u00fcr die Reproduktion jeglicher Elemente ist die schriftliche Zustimmung der Urheberrechtstr\u00e4ger im Voraus einzuholen.<\/p>\n<p><strong>Haftungsausschluss<\/strong><br \/>\nDer Autor \u00fcbernimmt keinerlei Gew\u00e4hr hinsichtlich der inhaltlichen Richtigkeit, Genauigkeit, Aktualit\u00e4t, Zuverl\u00e4ssigkeit und Vollst\u00e4ndigkeit der Informationen.<br \/>\nHaftungsanspr\u00fcche gegen den Autor wegen Sch\u00e4den materieller oder immaterieller Art, welche aus dem Zugriff oder der Nutzung bzw. Nichtnutzung der ver\u00f6ffentlichten Informationen, durch Missbrauch der Verbindung oder durch technische St\u00f6rungen entstanden sind, werden ausgeschlossen.<br \/>\nAlle Angebote sind unverbindlich. Der Autor beh\u00e4lt es sich ausdr\u00fccklich vor, Teile der Seiten oder das gesamte Angebot ohne gesonderte Ank\u00fcndigung zu ver\u00e4ndern, zu erg\u00e4nzen, zu l\u00f6schen oder die Ver\u00f6ffentlichung zeitweise oder endg\u00fcltig einzustellen.<\/p>\n<p><strong>Haftung f\u00fcr Links<\/strong><br \/>\nVerweise und Links auf Webseiten Dritter liegen ausserhalb unseres Verantwortungsbereichs Es wird jegliche Verantwortung f\u00fcr solche Webseiten abgelehnt. Der Zugriff und die Nutzung solcher Webseiten erfolgen auf eigene Gefahr des Nutzers oder der Nutzerin.<\/p>\n<p><strong>Cookies<\/strong><br \/>\nDiese Website verwendet Cookies. Cookies sind kleine Textdateien, die beim Besuch dieser Website in Ihrem Computer dauerhaft oder tempor\u00e4r gespeichert werden. Zweck der Cookies ist insbesondere die Analyse der Nutzung dieser Website zur statistischen Auswertung sowie f\u00fcr kontinuierliche Verbesserungen.<br \/>\nIn Ihrem Browser k\u00f6nnen Sie Cookies in den Einstellungen jederzeit ganz oder teilweise deaktivieren. Bei deaktivierten Cookies stehen Ihnen allenfalls nicht mehr alle Funktionen dieser Website zur Verf\u00fcgung.<\/p>\n<p><strong>Verwendung von Informationen<\/strong><br \/>\nSie k\u00f6nnen unsere Webseiten besuchen, ohne dass Sie Angaben zu Ihrer Person machen m\u00fcssen. Einzig unpers\u00f6nliche Nutzungsdaten wie Ihre IP-Adresse, die zuletzt besuchte Seite, der verwendete Browser, Datum, Uhrzeit etc. werden zwecks Erkennung von Trends und zur Verbesserung unseres Online-Angebotes anonymisiert ausgewertet (\u00ab<a href=\"http:\/\/www.sbb.ch\/meta\/datenschutz\/datenschutz-google-analytics-erklaerung.html\">Google Analytics<\/a>\u00bb, \u00abWebTrends On Demand\u00bb). Daraus werden keine R\u00fcckschl\u00fcsse auf Ihre Person gezogen.<\/p>\n<p><strong>Keine Weitergabe von Informationen<\/strong><br \/>\nIhre personenbezogenen Daten werden weder verkauft noch mit Dritten geteilt.<\/p>\n<p><strong>Rechtsgrundlage<\/strong><br \/>\nDas <a href=\"http:\/\/www.admin.ch\/ch\/d\/sr\/c235_1.html\">Bundesgesetz \u00fcber den Datenschutz (DSG)<\/a> bildet die Grundlage dieser Datenschutzerkl\u00e4rung.<\/p>\n<p>Letzte Aktualisierung: 01.03.2018<br \/>\n\u00a9 Copyright chwebdesign. Alle Rechte vorbehalten.<\/p>\n<\/div>\n<\/div>\n<\/section>\n<p style=\"text-align: center;\"><strong>\u00a0<\/strong><\/p>\n<\/div><div class=\"fusion-clearfix\"><\/div><\/div><\/div><\/div><\/div>\n","protected":false},"excerpt":{"rendered":"","protected":false},"author":3,"featured_media":0,"parent":0,"menu_order":10,"comment_status":"closed","ping_status":"closed","template":"100-width.php","meta":{"footnotes":""},"class_list":["post-1742","page","type-page","status-publish","hentry"],"_links":{"self":[{"href":"https:\/\/www.naturpraxis-suter.ch\/index.php?rest_route=\/wp\/v2\/pages\/1742","targetHints":{"allow":["GET"]}}],"collection":[{"href":"https:\/\/www.naturpraxis-suter.ch\/index.php?rest_route=\/wp\/v2\/pages"}],"about":[{"href":"https:\/\/www.naturpraxis-suter.ch\/index.php?rest_route=\/wp\/v2\/types\/page"}],"author":[{"embeddable":true,"href":"https:\/\/www.naturpraxis-suter.ch\/index.php?rest_route=\/wp\/v2\/users\/3"}],"replies":[{"embeddable":true,"href":"https:\/\/www.naturpraxis-suter.ch\/index.php?rest_route=%2Fwp%2Fv2%2Fcomments&post=1742"}],"version-history":[{"count":2,"href":"https:\/\/www.naturpraxis-suter.ch\/index.php?rest_route=\/wp\/v2\/pages\/1742\/revisions"}],"predecessor-version":[{"id":1806,"href":"https:\/\/www.naturpraxis-suter.ch\/index.php?rest_route=\/wp\/v2\/pages\/1742\/revisions\/1806"}],"wp:attachment":[{"href":"https:\/\/www.naturpraxis-suter.ch\/index.php?rest_route=%2Fwp%2Fv2%2Fmedia&parent=1742"}],"curies":[{"name":"wp","href":"https:\/\/api.w.org\/{rel}","templated":true}]}}